{"id":823,"date":"2025-08-13T03:35:19","date_gmt":"2025-08-13T03:35:19","guid":{"rendered":"https:\/\/pliego.com.mx\/?post_type=product&#038;p=823"},"modified":"2025-09-19T16:39:47","modified_gmt":"2025-09-19T16:39:47","slug":"rueda-doble-freno","status":"publish","type":"product","link":"https:\/\/pliego.com.mx\/?product=rueda-doble-freno","title":{"rendered":"Rueda freno 6&#8243;"},"content":{"rendered":"<p>Accesorio que permite y facilita el movimiento de<br \/>\nandamios, permitiendo as\u00ed un sencillo<br \/>\ndesplazamiento en el \u00e1rea de trabajo para las<br \/>\nlabores de construcci\u00f3n<\/p>\n<p>&nbsp;<\/p>\n<p>Carga por rueda 350 KILOS<\/p>\n<p>Rueda 6&#8243;<\/p>\n<p>Di\u00e1metro 152MM<\/p>\n<p>Espesor 38MM<\/p>\n<p>Color Rojo<\/p>\n","protected":false},"excerpt":{"rendered":"<p>Accesorio que permite y facilita el movimiento de andamios, permitiendo as\u00ed un sencillo desplazamiento en el \u00e1rea de trabajo para las labores de construcci\u00f3n &nbsp; Carga por rueda 350 KILOS Rueda 6&#8243; Di\u00e1metro 152MM Espesor 38MM Color Rojo<\/p>\n","protected":false},"featured_media":1150,"comment_status":"open","ping_status":"closed","template":"","meta":{"hide_page_title":""},"product_brand":[],"product_cat":[17],"product_tag":[],"class_list":{"0":"post-823","1":"product","2":"type-product","3":"status-publish","4":"has-post-thumbnail","6":"product_cat-otros","8":"first","9":"instock","10":"taxable","11":"shipping-taxable","12":"purchasable","13":"product-type-simple"},"_links":{"self":[{"href":"https:\/\/pliego.com.mx\/index.php?rest_route=\/wp\/v2\/product\/823","targetHints":{"allow":["GET"]}}],"collection":[{"href":"https:\/\/pliego.com.mx\/index.php?rest_route=\/wp\/v2\/product"}],"about":[{"href":"https:\/\/pliego.com.mx\/index.php?rest_route=\/wp\/v2\/types\/product"}],"replies":[{"embeddable":true,"href":"https:\/\/pliego.com.mx\/index.php?rest_route=%2Fwp%2Fv2%2Fcomments&post=823"}],"wp:featuredmedia":[{"embeddable":true,"href":"https:\/\/pliego.com.mx\/index.php?rest_route=\/wp\/v2\/media\/1150"}],"wp:attachment":[{"href":"https:\/\/pliego.com.mx\/index.php?rest_route=%2Fwp%2Fv2%2Fmedia&parent=823"}],"wp:term":[{"taxonomy":"product_brand","embeddable":true,"href":"https:\/\/pliego.com.mx\/index.php?rest_route=%2Fwp%2Fv2%2Fproduct_brand&post=823"},{"taxonomy":"product_cat","embeddable":true,"href":"https:\/\/pliego.com.mx\/index.php?rest_route=%2Fwp%2Fv2%2Fproduct_cat&post=823"},{"taxonomy":"product_tag","embeddable":true,"href":"https:\/\/pliego.com.mx\/index.php?rest_route=%2Fwp%2Fv2%2Fproduct_tag&post=823"}],"curies":[{"name":"wp","href":"https:\/\/api.w.org\/{rel}","templated":true}]}}