{"id":820,"date":"2025-08-13T03:32:14","date_gmt":"2025-08-13T03:32:14","guid":{"rendered":"https:\/\/pliego.com.mx\/?post_type=product&#038;p=820"},"modified":"2025-09-19T16:45:35","modified_gmt":"2025-09-19T16:45:35","slug":"820","status":"publish","type":"product","link":"https:\/\/pliego.com.mx\/?product=820","title":{"rendered":"Rueda freno 8&#8243;"},"content":{"rendered":"<p>Accesorio que permite y facilita el movimiento de<br \/>\nandamios, permitiendo as\u00ed un sencillo<br \/>\ndesplazamiento en el \u00e1rea de trabajo para las<br \/>\nlabores de construcci\u00f3n.<\/p>\n<p>&nbsp;<\/p>\n<p>Carga por rueda 220 KILOS<\/p>\n<p>Rueda 8&#8243;<\/p>\n<p>&nbsp;<\/p>\n","protected":false},"excerpt":{"rendered":"<p>Accesorio que permite y facilita el movimiento de andamios, permitiendo as\u00ed un sencillo desplazamiento en el \u00e1rea de trabajo para las labores de construcci\u00f3n. &nbsp; Carga por rueda 220 KILOS Rueda 8&#8243; &nbsp;<\/p>\n","protected":false},"featured_media":1149,"comment_status":"open","ping_status":"closed","template":"","meta":{"hide_page_title":""},"product_brand":[],"product_cat":[17],"product_tag":[],"class_list":{"0":"post-820","1":"product","2":"type-product","3":"status-publish","4":"has-post-thumbnail","6":"product_cat-otros","8":"first","9":"instock","10":"taxable","11":"shipping-taxable","12":"purchasable","13":"product-type-simple"},"_links":{"self":[{"href":"https:\/\/pliego.com.mx\/index.php?rest_route=\/wp\/v2\/product\/820","targetHints":{"allow":["GET"]}}],"collection":[{"href":"https:\/\/pliego.com.mx\/index.php?rest_route=\/wp\/v2\/product"}],"about":[{"href":"https:\/\/pliego.com.mx\/index.php?rest_route=\/wp\/v2\/types\/product"}],"replies":[{"embeddable":true,"href":"https:\/\/pliego.com.mx\/index.php?rest_route=%2Fwp%2Fv2%2Fcomments&post=820"}],"wp:featuredmedia":[{"embeddable":true,"href":"https:\/\/pliego.com.mx\/index.php?rest_route=\/wp\/v2\/media\/1149"}],"wp:attachment":[{"href":"https:\/\/pliego.com.mx\/index.php?rest_route=%2Fwp%2Fv2%2Fmedia&parent=820"}],"wp:term":[{"taxonomy":"product_brand","embeddable":true,"href":"https:\/\/pliego.com.mx\/index.php?rest_route=%2Fwp%2Fv2%2Fproduct_brand&post=820"},{"taxonomy":"product_cat","embeddable":true,"href":"https:\/\/pliego.com.mx\/index.php?rest_route=%2Fwp%2Fv2%2Fproduct_cat&post=820"},{"taxonomy":"product_tag","embeddable":true,"href":"https:\/\/pliego.com.mx\/index.php?rest_route=%2Fwp%2Fv2%2Fproduct_tag&post=820"}],"curies":[{"name":"wp","href":"https:\/\/api.w.org\/{rel}","templated":true}]}}