{"id":814,"date":"2025-08-13T03:19:40","date_gmt":"2025-08-13T03:19:40","guid":{"rendered":"https:\/\/pliego.com.mx\/?post_type=product&#038;p=814"},"modified":"2025-09-16T01:20:58","modified_gmt":"2025-09-16T01:20:58","slug":"puntal-metalico","status":"publish","type":"product","link":"https:\/\/pliego.com.mx\/?product=puntal-metalico","title":{"rendered":"Puntal Met\u00e1lico"},"content":{"rendered":"<p>Un Puntal Met\u00e1lico Extensible regulable de acero, es<br \/>\nun apoyo provisional que trabaja a compresi\u00f3n y que<br \/>\nse utiliza normalmente como soporte vertical<br \/>\ntemporal en las obras de construcci\u00f3n o para realizar<br \/>\nfunciones similares como evitar derrumbes en<br \/>\nestructuras inestables.<\/p>\n<p>TUBO EXTERIOR 2 1\/2&#8243;<br \/>\nCEDULA 30<br \/>\nTUBO INTERIOR 2&#8243;<br \/>\nMEDIDA MAXIMA DE ALTURA 4M<br \/>\nMEDIDA MINIMA DE ALTURA 2M<br \/>\nPESO CERRADO 2,270<br \/>\nPESO ABIERTO 2,700<br \/>\nSOLDADO CON CONECTORES ROSCA ACME DE<br \/>\nSOPORTE<\/p>\n","protected":false},"excerpt":{"rendered":"<p>Un Puntal Met\u00e1lico Extensible regulable de acero, es un apoyo provisional que trabaja a compresi\u00f3n y que se utiliza normalmente como soporte vertical temporal en las obras de construcci\u00f3n o para realizar funciones similares como evitar derrumbes en estructuras inestables. TUBO EXTERIOR 2 1\/2&#8243; CEDULA 30 TUBO INTERIOR 2&#8243; MEDIDA MAXIMA DE ALTURA 4M MEDIDA [&hellip;]<\/p>\n","protected":false},"featured_media":1148,"comment_status":"open","ping_status":"closed","template":"","meta":{"hide_page_title":""},"product_brand":[],"product_cat":[17],"product_tag":[],"class_list":{"0":"post-814","1":"product","2":"type-product","3":"status-publish","4":"has-post-thumbnail","6":"product_cat-otros","8":"first","9":"instock","10":"taxable","11":"shipping-taxable","12":"purchasable","13":"product-type-simple"},"_links":{"self":[{"href":"https:\/\/pliego.com.mx\/index.php?rest_route=\/wp\/v2\/product\/814","targetHints":{"allow":["GET"]}}],"collection":[{"href":"https:\/\/pliego.com.mx\/index.php?rest_route=\/wp\/v2\/product"}],"about":[{"href":"https:\/\/pliego.com.mx\/index.php?rest_route=\/wp\/v2\/types\/product"}],"replies":[{"embeddable":true,"href":"https:\/\/pliego.com.mx\/index.php?rest_route=%2Fwp%2Fv2%2Fcomments&post=814"}],"wp:featuredmedia":[{"embeddable":true,"href":"https:\/\/pliego.com.mx\/index.php?rest_route=\/wp\/v2\/media\/1148"}],"wp:attachment":[{"href":"https:\/\/pliego.com.mx\/index.php?rest_route=%2Fwp%2Fv2%2Fmedia&parent=814"}],"wp:term":[{"taxonomy":"product_brand","embeddable":true,"href":"https:\/\/pliego.com.mx\/index.php?rest_route=%2Fwp%2Fv2%2Fproduct_brand&post=814"},{"taxonomy":"product_cat","embeddable":true,"href":"https:\/\/pliego.com.mx\/index.php?rest_route=%2Fwp%2Fv2%2Fproduct_cat&post=814"},{"taxonomy":"product_tag","embeddable":true,"href":"https:\/\/pliego.com.mx\/index.php?rest_route=%2Fwp%2Fv2%2Fproduct_tag&post=814"}],"curies":[{"name":"wp","href":"https:\/\/api.w.org\/{rel}","templated":true}]}}