{"id":808,"date":"2025-08-13T03:16:32","date_gmt":"2025-08-13T03:16:32","guid":{"rendered":"https:\/\/pliego.com.mx\/?post_type=product&#038;p=808"},"modified":"2025-09-17T17:37:33","modified_gmt":"2025-09-17T17:37:33","slug":"tablon-antiderrapante","status":"publish","type":"product","link":"https:\/\/pliego.com.mx\/?product=tablon-antiderrapante","title":{"rendered":"Tabl\u00f3n Antiderrapante"},"content":{"rendered":"<p>Nuestro tabl\u00f3n antiderrapante ofrece m\u00e1xima seguridad y durabilidad para andamios y plataformas de trabajo. Con una superficie dise\u00f1ada para prevenir resbalones, es ideal para entornos de construcci\u00f3n o cualquier \u00e1rea que requiera estabilidad extra.<\/p>\n<p>LAMINA ANTIDERRAPANTE<br \/>\nCAPACIDAD DE CARGA 500 KILOS<br \/>\nCALIBRE 14<br \/>\nSOLDADO CON GANCHO DE SEGURIDAD EXTERIOS<br \/>\nINTERIORMENTE ACERO SOLDADO PARA MANEJO DE MATERIAL<\/p>\n","protected":false},"excerpt":{"rendered":"<p>Nuestro tabl\u00f3n antiderrapante ofrece m\u00e1xima seguridad y durabilidad para andamios y plataformas de trabajo. Con una superficie dise\u00f1ada para prevenir resbalones, es ideal para entornos de construcci\u00f3n o cualquier \u00e1rea que requiera estabilidad extra. LAMINA ANTIDERRAPANTE CAPACIDAD DE CARGA 500 KILOS CALIBRE 14 SOLDADO CON GANCHO DE SEGURIDAD EXTERIOS INTERIORMENTE ACERO SOLDADO PARA MANEJO DE [&hellip;]<\/p>\n","protected":false},"featured_media":1144,"comment_status":"open","ping_status":"closed","template":"","meta":{"hide_page_title":""},"product_brand":[],"product_cat":[17],"product_tag":[],"class_list":{"0":"post-808","1":"product","2":"type-product","3":"status-publish","4":"has-post-thumbnail","6":"product_cat-otros","8":"first","9":"instock","10":"taxable","11":"shipping-taxable","12":"purchasable","13":"product-type-simple"},"_links":{"self":[{"href":"https:\/\/pliego.com.mx\/index.php?rest_route=\/wp\/v2\/product\/808","targetHints":{"allow":["GET"]}}],"collection":[{"href":"https:\/\/pliego.com.mx\/index.php?rest_route=\/wp\/v2\/product"}],"about":[{"href":"https:\/\/pliego.com.mx\/index.php?rest_route=\/wp\/v2\/types\/product"}],"replies":[{"embeddable":true,"href":"https:\/\/pliego.com.mx\/index.php?rest_route=%2Fwp%2Fv2%2Fcomments&post=808"}],"wp:featuredmedia":[{"embeddable":true,"href":"https:\/\/pliego.com.mx\/index.php?rest_route=\/wp\/v2\/media\/1144"}],"wp:attachment":[{"href":"https:\/\/pliego.com.mx\/index.php?rest_route=%2Fwp%2Fv2%2Fmedia&parent=808"}],"wp:term":[{"taxonomy":"product_brand","embeddable":true,"href":"https:\/\/pliego.com.mx\/index.php?rest_route=%2Fwp%2Fv2%2Fproduct_brand&post=808"},{"taxonomy":"product_cat","embeddable":true,"href":"https:\/\/pliego.com.mx\/index.php?rest_route=%2Fwp%2Fv2%2Fproduct_cat&post=808"},{"taxonomy":"product_tag","embeddable":true,"href":"https:\/\/pliego.com.mx\/index.php?rest_route=%2Fwp%2Fv2%2Fproduct_tag&post=808"}],"curies":[{"name":"wp","href":"https:\/\/api.w.org\/{rel}","templated":true}]}}