{"id":744,"date":"2025-07-30T20:11:53","date_gmt":"2025-07-30T20:11:53","guid":{"rendered":"https:\/\/pliego.com.mx\/?page_id=744"},"modified":"2025-09-06T19:46:50","modified_gmt":"2025-09-06T19:46:50","slug":"elementor-744","status":"publish","type":"page","link":"https:\/\/pliego.com.mx\/","title":{"rendered":"Inicio 3 opciones"},"content":{"rendered":"\t\t<div data-elementor-type=\"wp-page\" data-elementor-id=\"744\" class=\"elementor elementor-744\" data-elementor-post-type=\"page\">\n\t\t\t\t<div class=\"elementor-element elementor-element-f746e5d e-flex e-con-boxed e-con e-parent\" data-id=\"f746e5d\" data-element_type=\"container\" data-e-type=\"container\" data-settings=\"{&quot;background_background&quot;:&quot;classic&quot;}\">\n\t\t\t\t\t<div class=\"e-con-inner\">\n\t\t<div class=\"elementor-element elementor-element-916e00c e-grid e-con-full e-con e-child\" data-id=\"916e00c\" data-element_type=\"container\" data-e-type=\"container\">\n\t\t\t\t<div class=\"elementor-element elementor-element-55c6c5f elementor-align-justify elementor-widget elementor-widget-button\" data-id=\"55c6c5f\" data-element_type=\"widget\" data-e-type=\"widget\" data-widget_type=\"button.default\">\n\t\t\t\t\t\t\t\t\t\t<a class=\"elementor-button elementor-button-link elementor-size-sm elementor-animation-shrink\" href=\"https:\/\/pliego.com.mx\/?page_id=870\">\n\t\t\t\t\t\t<span class=\"elementor-button-content-wrapper\">\n\t\t\t\t\t\t<span class=\"elementor-button-icon\">\n\t\t\t\t<svg aria-hidden=\"true\" class=\"e-font-icon-svg e-fas-briefcase\" viewBox=\"0 0 512 512\" xmlns=\"http:\/\/www.w3.org\/2000\/svg\"><path d=\"M320 336c0 8.84-7.16 16-16 16h-96c-8.84 0-16-7.16-16-16v-48H0v144c0 25.6 22.4 48 48 48h416c25.6 0 48-22.4 48-48V288H320v48zm144-208h-80V80c0-25.6-22.4-48-48-48H176c-25.6 0-48 22.4-48 48v48H48c-25.6 0-48 22.4-48 48v80h512v-80c0-25.6-22.4-48-48-48zm-144 0H192V96h128v32z\"><\/path><\/svg>\t\t\t<\/span>\n\t\t\t\t\t\t\t\t\t<span class=\"elementor-button-text\">\u00bfQui\u00e9nes somos?<\/span>\n\t\t\t\t\t<\/span>\n\t\t\t\t\t<\/a>\n\t\t\t\t\t\t\t\t<\/div>\n\t\t<div class=\"elementor-element elementor-element-43b7b40 e-con-full e-flex e-con e-child\" data-id=\"43b7b40\" data-element_type=\"container\" data-e-type=\"container\">\n\t\t\t\t<div class=\"elementor-element elementor-element-8733e7e elementor-widget elementor-widget-text-editor\" data-id=\"8733e7e\" data-element_type=\"widget\" data-e-type=\"widget\" data-widget_type=\"text-editor.default\">\n\t\t\t\t\t\t\t\t\t<p>Direcci\u00f3n: Av Manuel Ordo\u00f1ez 2208, Luis Echeverr\u00eda, 66358 Cdad. Santa Catarina Whatsapp: 81-2751-3289&nbsp; &nbsp; &nbsp; Tel: 81-8388-7804<br><\/p>\t\t\t\t\t\t\t\t<\/div>\n\t\t\t\t<\/div>\n\t\t\t\t<\/div>\n\t\t\t\t\t<\/div>\n\t\t\t\t<\/div>\n\t\t<div class=\"elementor-element elementor-element-34a9026 e-con-full e-flex e-con e-parent\" data-id=\"34a9026\" data-element_type=\"container\" data-e-type=\"container\" data-settings=\"{&quot;background_background&quot;:&quot;classic&quot;}\">\n\t\t<div class=\"elementor-element elementor-element-6a08440 e-grid e-con-full e-con e-child\" data-id=\"6a08440\" data-element_type=\"container\" data-e-type=\"container\">\n\t\t<div class=\"elementor-element elementor-element-b97c19e e-con-full e-flex e-con e-child\" data-id=\"b97c19e\" data-element_type=\"container\" data-e-type=\"container\">\n\t\t\t\t<div class=\"elementor-element elementor-element-b8aa8d3 elementor-widget elementor-widget-spacer\" data-id=\"b8aa8d3\" data-element_type=\"widget\" data-e-type=\"widget\" data-widget_type=\"spacer.default\">\n\t\t\t\t\t\t\t<div class=\"elementor-spacer\">\n\t\t\t<div class=\"elementor-spacer-inner\"><\/div>\n\t\t<\/div>\n\t\t\t\t\t\t<\/div>\n\t\t\t\t<div class=\"elementor-element elementor-element-171efe9 elementor-position-top elementor-invisible elementor-widget elementor-widget-image-box\" data-id=\"171efe9\" data-element_type=\"widget\" data-e-type=\"widget\" data-settings=\"{&quot;_animation&quot;:&quot;fadeInLeft&quot;}\" data-widget_type=\"image-box.default\">\n\t\t\t\t\t<div class=\"elementor-image-box-wrapper\"><figure class=\"elementor-image-box-img\"><a href=\"https:\/\/pliego.com.mx\/?page_id=849\" tabindex=\"-1\"><img fetchpriority=\"high\" decoding=\"async\" width=\"512\" height=\"512\" src=\"https:\/\/pliego.com.mx\/wp-content\/uploads\/2025\/07\/605786.png\" class=\"attachment-full size-full wp-image-746\" alt=\"\" srcset=\"https:\/\/pliego.com.mx\/wp-content\/uploads\/2025\/07\/605786.png 512w, https:\/\/pliego.com.mx\/wp-content\/uploads\/2025\/07\/605786-300x300.png 300w, https:\/\/pliego.com.mx\/wp-content\/uploads\/2025\/07\/605786-100x100.png 100w, https:\/\/pliego.com.mx\/wp-content\/uploads\/2025\/07\/605786-150x150.png 150w\" sizes=\"(max-width: 512px) 100vw, 512px\" \/><\/a><\/figure><div class=\"elementor-image-box-content\"><h4 class=\"elementor-image-box-title\"><a href=\"https:\/\/pliego.com.mx\/?page_id=849\">Andamios<\/a><\/h4><\/div><\/div>\t\t\t\t<\/div>\n\t\t\t\t<div class=\"elementor-element elementor-element-326e5c7 elementor-widget elementor-widget-spacer\" data-id=\"326e5c7\" data-element_type=\"widget\" data-e-type=\"widget\" data-widget_type=\"spacer.default\">\n\t\t\t\t\t\t\t<div class=\"elementor-spacer\">\n\t\t\t<div class=\"elementor-spacer-inner\"><\/div>\n\t\t<\/div>\n\t\t\t\t\t\t<\/div>\n\t\t\t\t<\/div>\n\t\t<div class=\"elementor-element elementor-element-ee578c4 e-con-full e-flex e-con e-child\" data-id=\"ee578c4\" data-element_type=\"container\" data-e-type=\"container\">\n\t\t\t\t<div class=\"elementor-element elementor-element-fdb2e29 elementor-widget elementor-widget-spacer\" data-id=\"fdb2e29\" data-element_type=\"widget\" data-e-type=\"widget\" data-widget_type=\"spacer.default\">\n\t\t\t\t\t\t\t<div class=\"elementor-spacer\">\n\t\t\t<div class=\"elementor-spacer-inner\"><\/div>\n\t\t<\/div>\n\t\t\t\t\t\t<\/div>\n\t\t\t\t<div class=\"elementor-element elementor-element-dbd7f47 elementor-position-top elementor-invisible elementor-widget elementor-widget-image-box\" data-id=\"dbd7f47\" data-element_type=\"widget\" data-e-type=\"widget\" data-settings=\"{&quot;_animation&quot;:&quot;fadeInLeft&quot;}\" data-widget_type=\"image-box.default\">\n\t\t\t\t\t<div class=\"elementor-image-box-wrapper\"><figure class=\"elementor-image-box-img\"><a href=\"https:\/\/pliego.com.mx\/?page_id=979\" tabindex=\"-1\"><img decoding=\"async\" width=\"512\" height=\"512\" src=\"https:\/\/pliego.com.mx\/wp-content\/uploads\/2025\/08\/paileria.png\" class=\"attachment-full size-full wp-image-828\" alt=\"\" srcset=\"https:\/\/pliego.com.mx\/wp-content\/uploads\/2025\/08\/paileria.png 512w, https:\/\/pliego.com.mx\/wp-content\/uploads\/2025\/08\/paileria-300x300.png 300w, https:\/\/pliego.com.mx\/wp-content\/uploads\/2025\/08\/paileria-100x100.png 100w, https:\/\/pliego.com.mx\/wp-content\/uploads\/2025\/08\/paileria-150x150.png 150w\" sizes=\"(max-width: 512px) 100vw, 512px\" \/><\/a><\/figure><div class=\"elementor-image-box-content\"><h4 class=\"elementor-image-box-title\"><a href=\"https:\/\/pliego.com.mx\/?page_id=979\">Pailer\u00eda<\/a><\/h4><\/div><\/div>\t\t\t\t<\/div>\n\t\t\t\t<\/div>\n\t\t<div class=\"elementor-element elementor-element-87bbb19 e-con-full e-flex e-con e-child\" data-id=\"87bbb19\" data-element_type=\"container\" data-e-type=\"container\">\n\t\t\t\t<div class=\"elementor-element elementor-element-60981b9 elementor-widget elementor-widget-spacer\" data-id=\"60981b9\" data-element_type=\"widget\" data-e-type=\"widget\" data-widget_type=\"spacer.default\">\n\t\t\t\t\t\t\t<div class=\"elementor-spacer\">\n\t\t\t<div class=\"elementor-spacer-inner\"><\/div>\n\t\t<\/div>\n\t\t\t\t\t\t<\/div>\n\t\t\t\t<div class=\"elementor-element elementor-element-9b9e041 elementor-position-top elementor-invisible elementor-widget elementor-widget-image-box\" data-id=\"9b9e041\" data-element_type=\"widget\" data-e-type=\"widget\" data-settings=\"{&quot;_animation&quot;:&quot;fadeInLeft&quot;}\" data-widget_type=\"image-box.default\">\n\t\t\t\t\t<div class=\"elementor-image-box-wrapper\"><figure class=\"elementor-image-box-img\"><a href=\"https:\/\/pliego.com.mx\/?page_id=987\" tabindex=\"-1\"><img decoding=\"async\" width=\"512\" height=\"512\" src=\"https:\/\/pliego.com.mx\/wp-content\/uploads\/2025\/08\/escaleras-1.png\" class=\"attachment-full size-full wp-image-831\" alt=\"\" srcset=\"https:\/\/pliego.com.mx\/wp-content\/uploads\/2025\/08\/escaleras-1.png 512w, https:\/\/pliego.com.mx\/wp-content\/uploads\/2025\/08\/escaleras-1-300x300.png 300w, https:\/\/pliego.com.mx\/wp-content\/uploads\/2025\/08\/escaleras-1-100x100.png 100w, https:\/\/pliego.com.mx\/wp-content\/uploads\/2025\/08\/escaleras-1-150x150.png 150w\" sizes=\"(max-width: 512px) 100vw, 512px\" \/><\/a><\/figure><div class=\"elementor-image-box-content\"><h4 class=\"elementor-image-box-title\"><a href=\"https:\/\/pliego.com.mx\/?page_id=987\">Escalera<\/a><\/h4><\/div><\/div>\t\t\t\t<\/div>\n\t\t\t\t<\/div>\n\t\t<div class=\"elementor-element elementor-element-0db98ea e-con-full e-flex e-con e-child\" data-id=\"0db98ea\" data-element_type=\"container\" data-e-type=\"container\">\n\t\t\t\t<div class=\"elementor-element elementor-element-d4163b0 elementor-widget elementor-widget-spacer\" data-id=\"d4163b0\" data-element_type=\"widget\" data-e-type=\"widget\" data-widget_type=\"spacer.default\">\n\t\t\t\t\t\t\t<div class=\"elementor-spacer\">\n\t\t\t<div class=\"elementor-spacer-inner\"><\/div>\n\t\t<\/div>\n\t\t\t\t\t\t<\/div>\n\t\t\t\t<div class=\"elementor-element elementor-element-6080c82 elementor-position-top elementor-invisible elementor-widget elementor-widget-image-box\" data-id=\"6080c82\" data-element_type=\"widget\" data-e-type=\"widget\" data-settings=\"{&quot;_animation&quot;:&quot;fadeInLeft&quot;}\" data-widget_type=\"image-box.default\">\n\t\t\t\t\t<div class=\"elementor-image-box-wrapper\"><figure class=\"elementor-image-box-img\"><a href=\"https:\/\/pliego.com.mx\/?page_id=995\" tabindex=\"-1\"><img loading=\"lazy\" decoding=\"async\" width=\"207\" height=\"244\" src=\"https:\/\/pliego.com.mx\/wp-content\/uploads\/2025\/09\/plat.png\" class=\"attachment-full size-full wp-image-1083\" alt=\"\" \/><\/a><\/figure><div class=\"elementor-image-box-content\"><h4 class=\"elementor-image-box-title\"><a href=\"https:\/\/pliego.com.mx\/?page_id=995\">Renta y Venta de plataforma de elevaci\u00f3n<\/a><\/h4><\/div><\/div>\t\t\t\t<\/div>\n\t\t\t\t<\/div>\n\t\t\t\t<\/div>\n\t\t\t\t<\/div>\n\t\t\t\t<\/div>\n\t\t","protected":false},"excerpt":{"rendered":"<p>\u00bfQui\u00e9nes somos? Direcci\u00f3n: Av Manuel Ordo\u00f1ez 2208, Luis Echeverr\u00eda, 66358 Cdad. Santa Catarina Whatsapp: 81-2751-3289&nbsp; &nbsp; &nbsp; Tel: 81-8388-7804 Andamios Pailer\u00eda Escalera Renta y Venta de plataforma de elevaci\u00f3n<\/p>\n","protected":false},"author":1,"featured_media":0,"parent":0,"menu_order":0,"comment_status":"closed","ping_status":"closed","template":"elementor_header_footer","meta":{"hide_page_title":"","footnotes":""},"class_list":["post-744","page","type-page","status-publish","hentry"],"_links":{"self":[{"href":"https:\/\/pliego.com.mx\/index.php?rest_route=\/wp\/v2\/pages\/744","targetHints":{"allow":["GET"]}}],"collection":[{"href":"https:\/\/pliego.com.mx\/index.php?rest_route=\/wp\/v2\/pages"}],"about":[{"href":"https:\/\/pliego.com.mx\/index.php?rest_route=\/wp\/v2\/types\/page"}],"author":[{"embeddable":true,"href":"https:\/\/pliego.com.mx\/index.php?rest_route=\/wp\/v2\/users\/1"}],"replies":[{"embeddable":true,"href":"https:\/\/pliego.com.mx\/index.php?rest_route=%2Fwp%2Fv2%2Fcomments&post=744"}],"version-history":[{"count":89,"href":"https:\/\/pliego.com.mx\/index.php?rest_route=\/wp\/v2\/pages\/744\/revisions"}],"predecessor-version":[{"id":1091,"href":"https:\/\/pliego.com.mx\/index.php?rest_route=\/wp\/v2\/pages\/744\/revisions\/1091"}],"wp:attachment":[{"href":"https:\/\/pliego.com.mx\/index.php?rest_route=%2Fwp%2Fv2%2Fmedia&parent=744"}],"curies":[{"name":"wp","href":"https:\/\/api.w.org\/{rel}","templated":true}]}}